{"id":310,"date":"2023-01-14T17:20:58","date_gmt":"2023-01-14T16:20:58","guid":{"rendered":"https:\/\/rielloego.hu\/?page_id=310"},"modified":"2023-05-25T15:50:26","modified_gmt":"2023-05-25T13:50:26","slug":"kezdolap","status":"publish","type":"page","link":"https:\/\/rielloego.hu\/","title":{"rendered":"Kezd\u0151lap"},"content":{"rendered":"<p>[et_pb_section fb_built=&#8221;1&#8243; disabled_on=&#8221;on|off|off&#8221; _builder_version=&#8221;4.19.4&#8243; _module_preset=&#8221;default&#8221; background_color=&#8221;#E12021&#8243; max_height=&#8221;5px&#8221; custom_margin=&#8221;||-80px||false|false&#8221; sticky_position=&#8221;top&#8221; sticky_offset_top=&#8221;-25px&#8221; sticky_offset_surrounding=&#8221;off&#8221; motion_trigger_start=&#8221;top&#8221; global_colors_info=&#8221;{}&#8221;][et_pb_row _builder_version=&#8221;4.19.4&#8243; _module_preset=&#8221;default&#8221; global_colors_info=&#8221;{}&#8221;][et_pb_column type=&#8221;4_4&#8243; _builder_version=&#8221;4.19.4&#8243; _module_preset=&#8221;default&#8221; global_colors_info=&#8221;{}&#8221;][et_pb_text _builder_version=&#8221;4.19.4&#8243; _module_preset=&#8221;default&#8221; global_colors_info=&#8221;{}&#8221;][\/et_pb_text][\/et_pb_column][\/et_pb_row][\/et_pb_section][et_pb_section fb_built=&#8221;1&#8243; custom_padding_last_edited=&#8221;on|phone&#8221; _builder_version=&#8221;4.19.4&#8243; _module_preset=&#8221;default&#8221; background_image=&#8221;https:\/\/rielloego.hu\/wp-content\/uploads\/2023\/01\/riello_bruciatori-slider.jpg&#8221; custom_padding=&#8221;210px||210px||true|false&#8221; custom_padding_tablet=&#8221;210px||210px||true|false&#8221; custom_padding_phone=&#8221;85px||85px||true|false&#8221; background_last_edited=&#8221;on|phone&#8221; background_size_phone=&#8221;cover&#8221; background_image_width_phone=&#8221;100%&#8221; background_image_height_phone=&#8221;70%&#8221; global_colors_info=&#8221;{}&#8221;][\/et_pb_section][et_pb_section fb_built=&#8221;1&#8243; _builder_version=&#8221;4.19.4&#8243; _module_preset=&#8221;default&#8221; global_colors_info=&#8221;{}&#8221;][et_pb_row _builder_version=&#8221;4.19.4&#8243; _module_preset=&#8221;default&#8221; global_colors_info=&#8221;{}&#8221;][et_pb_column type=&#8221;4_4&#8243; _builder_version=&#8221;4.19.4&#8243; _module_preset=&#8221;default&#8221; global_colors_info=&#8221;{}&#8221;][et_pb_text _builder_version=&#8221;4.19.4&#8243; _module_preset=&#8221;default&#8221; header_font=&#8221;|600|||||||&#8221; header_text_color=&#8221;#E12021&#8243; header_font_size=&#8221;50px&#8221; global_colors_info=&#8221;{}&#8221;]<\/p>\n<h1 style=\"text-align: center;\">Riello \u00e9g\u0151k,<\/h1>\n<h1 style=\"text-align: center;\">az \u00e9m\u00e9ny vil\u00e1ga.<\/h1>\n<p>[\/et_pb_text][et_pb_text _builder_version=&#8221;4.19.4&#8243; _module_preset=&#8221;default&#8221; custom_padding=&#8221;|200px||200px|false|true&#8221; custom_padding_tablet=&#8221;|200px||200px|false|true&#8221; custom_padding_phone=&#8221;|0px||0px|false|true&#8221; custom_padding_last_edited=&#8221;on|phone&#8221; global_colors_info=&#8221;{}&#8221;]<\/p>\n<p style=\"text-align: center;\">A teljes RIELLO term\u00e9kcsal\u00e1d \u00e9g\u0151i minden alkalmaz\u00e1st kiel\u00e9g\u00edtenek. Fedezze fel az \u00faj Riello \u00e9get\u00e9si technol\u00f3gi\u00e1kat: innovat\u00edv \u00f6tleteket \u00e9s \u00e9lvonalbeli<br \/>megold\u00e1sokat,<br \/>hogy minden konkr\u00e9t ig\u00e9nyre a legjobb megold\u00e1st k\u00edn\u00e1lhassuk, amely lehet\u0151v\u00e9 teszi a szennyez\u0151anyag kibocs\u00e1t\u00e1s cs\u00f6kkent\u00e9s\u00e9t \u00e9s a fogyaszt\u00e1s cs\u00f6kkent\u00e9s\u00e9t, a legszigor\u00fabb energiahat\u00e9konys\u00e1gi el\u0151\u00edr\u00e1sok betart\u00e1s\u00e1val<\/p>\n<p>[\/et_pb_text][\/et_pb_column][\/et_pb_row][\/et_pb_section][et_pb_section fb_built=&#8221;1&#8243; _builder_version=&#8221;4.19.4&#8243; _module_preset=&#8221;default&#8221; global_colors_info=&#8221;{}&#8221;][et_pb_row column_structure=&#8221;1_3,1_3,1_3&#8243; _builder_version=&#8221;4.19.4&#8243; _module_preset=&#8221;default&#8221; global_colors_info=&#8221;{}&#8221;][et_pb_column type=&#8221;1_3&#8243; _builder_version=&#8221;4.19.4&#8243; _module_preset=&#8221;default&#8221; global_colors_info=&#8221;{}&#8221;][et_pb_blurb title=&#8221;D\u00cdZEL&#8221; image=&#8221;https:\/\/rielloego.hu\/wp-content\/uploads\/2023\/01\/riello-ikon.png&#8221; image_icon_width=&#8221;80%&#8221; _builder_version=&#8221;4.19.4&#8243; _module_preset=&#8221;default&#8221; header_font=&#8221;|600|||||||&#8221; header_text_align=&#8221;center&#8221; header_text_color=&#8221;#E12021&#8243; image_icon_custom_margin=&#8221;-30px||-30px||true|false&#8221; custom_margin=&#8221;|30px||30px|false|true&#8221; custom_padding=&#8221;30px||30px||true|false&#8221; hover_enabled=&#8221;0&#8243; border_width_all=&#8221;1px&#8221; border_color_all=&#8221;#E12021&#8243; global_colors_info=&#8221;{}&#8221; sticky_enabled=&#8221;0&#8243;][\/et_pb_blurb][et_pb_blurb title=&#8221;IPARI&#8221; image=&#8221;https:\/\/rielloego.hu\/wp-content\/uploads\/2023\/01\/riello-ikon.png&#8221; image_icon_width=&#8221;80%&#8221; _builder_version=&#8221;4.19.4&#8243; _module_preset=&#8221;default&#8221; header_font=&#8221;|600|||||||&#8221; header_text_align=&#8221;center&#8221; header_text_color=&#8221;#E12021&#8243; image_icon_custom_margin=&#8221;-30px||-30px||true|false&#8221; custom_margin=&#8221;|30px||30px|false|true&#8221; custom_padding=&#8221;30px||30px||true|false&#8221; border_width_all=&#8221;1px&#8221; border_color_all=&#8221;#E12021&#8243; global_colors_info=&#8221;{}&#8221;][\/et_pb_blurb][\/et_pb_column][et_pb_column type=&#8221;1_3&#8243; _builder_version=&#8221;4.19.4&#8243; _module_preset=&#8221;default&#8221; global_colors_info=&#8221;{}&#8221;][et_pb_blurb title=&#8221;G\u00c1Z&#8221; image=&#8221;https:\/\/rielloego.hu\/wp-content\/uploads\/2023\/01\/riello-ikon.png&#8221; image_icon_width=&#8221;80%&#8221; _builder_version=&#8221;4.19.4&#8243; _module_preset=&#8221;default&#8221; header_font=&#8221;|600|||||||&#8221; header_text_align=&#8221;center&#8221; header_text_color=&#8221;#E12021&#8243; image_icon_custom_margin=&#8221;-30px||-30px||true|false&#8221; custom_margin=&#8221;|30px||30px|false|true&#8221; custom_padding=&#8221;30px||30px||true|false&#8221; border_width_all=&#8221;1px&#8221; border_color_all=&#8221;#E12021&#8243; global_colors_info=&#8221;{}&#8221;][\/et_pb_blurb][et_pb_blurb title=&#8221;RAMP\u00c1K&#8221; image=&#8221;https:\/\/rielloego.hu\/wp-content\/uploads\/2023\/01\/riello-ikon.png&#8221; image_icon_width=&#8221;80%&#8221; _builder_version=&#8221;4.19.4&#8243; _module_preset=&#8221;default&#8221; header_font=&#8221;|600|||||||&#8221; header_text_align=&#8221;center&#8221; header_text_color=&#8221;#E12021&#8243; image_icon_custom_margin=&#8221;-30px||-30px||true|false&#8221; custom_margin=&#8221;|30px||30px|false|true&#8221; custom_padding=&#8221;30px||30px||true|false&#8221; border_width_all=&#8221;1px&#8221; border_color_all=&#8221;#E12021&#8243; global_colors_info=&#8221;{}&#8221;][\/et_pb_blurb][\/et_pb_column][et_pb_column type=&#8221;1_3&#8243; _builder_version=&#8221;4.19.4&#8243; _module_preset=&#8221;default&#8221; global_colors_info=&#8221;{}&#8221;][et_pb_blurb title=&#8221;VEGYES&#8221; image=&#8221;https:\/\/rielloego.hu\/wp-content\/uploads\/2023\/01\/riello-ikon.png&#8221; image_icon_width=&#8221;80%&#8221; _builder_version=&#8221;4.19.4&#8243; _module_preset=&#8221;default&#8221; header_font=&#8221;|600|||||||&#8221; header_text_align=&#8221;center&#8221; header_text_color=&#8221;#E12021&#8243; image_icon_custom_margin=&#8221;-30px||-30px||true|false&#8221; custom_margin=&#8221;|30px||30px|false|true&#8221; custom_padding=&#8221;30px||30px||true|false&#8221; border_width_all=&#8221;1px&#8221; border_color_all=&#8221;#E12021&#8243; global_colors_info=&#8221;{}&#8221;][\/et_pb_blurb][et_pb_blurb image_icon_width=&#8221;30%&#8221; _builder_version=&#8221;4.19.4&#8243; _module_preset=&#8221;default&#8221; header_text_align=&#8221;center&#8221; header_text_color=&#8221;#E12021&#8243; body_font=&#8221;|600|||||||&#8221; body_text_align=&#8221;center&#8221; body_text_color=&#8221;#E12021&#8243; custom_margin=&#8221;|30px||30px|false|true&#8221; custom_padding=&#8221;50px||50px||true|false&#8221; border_width_all=&#8221;1px&#8221; border_color_all=&#8221;#E12021&#8243; global_colors_info=&#8221;{}&#8221;]<\/p>\n<p>\u00dcZEMBE<br \/>HELYEZ\u00c9SI \u00c9S<br \/>KARBANTART\u00c1SI SZOLG\u00c1LTAT\u00c1SOK<\/p>\n<p>[\/et_pb_blurb][\/et_pb_column][\/et_pb_row][\/et_pb_section][et_pb_section fb_built=&#8221;1&#8243; _builder_version=&#8221;4.19.4&#8243; _module_preset=&#8221;default&#8221; global_colors_info=&#8221;{}&#8221;][et_pb_row _builder_version=&#8221;4.19.4&#8243; _module_preset=&#8221;default&#8221; global_colors_info=&#8221;{}&#8221;][et_pb_column type=&#8221;4_4&#8243; _builder_version=&#8221;4.19.4&#8243; _module_preset=&#8221;default&#8221; global_colors_info=&#8221;{}&#8221;][et_pb_text _builder_version=&#8221;4.19.4&#8243; _module_preset=&#8221;default&#8221; header_font=&#8221;|600|||||||&#8221; header_text_color=&#8221;#E12021&#8243; header_font_size=&#8221;50px&#8221; global_colors_info=&#8221;{}&#8221;]<\/p>\n<h1 style=\"text-align: center;\">F\u00f3kuszban a technol\u00f3gi\u00e1k<\/h1>\n<p>[\/et_pb_text][\/et_pb_column][\/et_pb_row][et_pb_row column_structure=&#8221;1_2,1_2&#8243; _builder_version=&#8221;4.19.4&#8243; _module_preset=&#8221;default&#8221; global_colors_info=&#8221;{}&#8221;][et_pb_column type=&#8221;1_2&#8243; _builder_version=&#8221;4.19.4&#8243; _module_preset=&#8221;default&#8221; global_colors_info=&#8221;{}&#8221;][et_pb_image src=&#8221;https:\/\/rielloego.hu\/wp-content\/uploads\/2023\/01\/Kep1.jpg&#8221; title_text=&#8221;K\u00e9p1&#8243; _builder_version=&#8221;4.19.4&#8243; _module_preset=&#8221;default&#8221; global_colors_info=&#8221;{}&#8221;][\/et_pb_image][\/et_pb_column][et_pb_column type=&#8221;1_2&#8243; _builder_version=&#8221;4.19.4&#8243; _module_preset=&#8221;default&#8221; global_colors_info=&#8221;{}&#8221;][et_pb_divider _builder_version=&#8221;4.19.4&#8243; _module_preset=&#8221;default&#8221; width=&#8221;30%&#8221; module_alignment=&#8221;left&#8221; global_colors_info=&#8221;{}&#8221;][\/et_pb_divider][et_pb_text _builder_version=&#8221;4.19.4&#8243; _module_preset=&#8221;default&#8221; text_font_size=&#8221;36px&#8221; text_line_height=&#8221;1.3em&#8221; custom_margin=&#8221;-20px||||false|false&#8221; border_color_top=&#8221;#E12021&#8243; global_colors_info=&#8221;{}&#8221;]<\/p>\n<p>\u00c9G\u0150K OXIG\u00c9NSZAB\u00c1LYOZ\u00c1SSAL<\/p>\n<p>[\/et_pb_text][et_pb_text _builder_version=&#8221;4.19.4&#8243; _module_preset=&#8221;default&#8221; global_colors_info=&#8221;{}&#8221;]A Riello kifejlesztette az akt\u00edv \u00e9g\u00e9sszab\u00e1lyoz\u00e1st a <br \/>750 kW feletti \u00e9g\u0151k k\u00f6r\u00e9ben.[\/et_pb_text][et_pb_toggle title=&#8221;Tudjon meg t\u00f6bbet&#8230;&#8221; open_toggle_background_color=&#8221;RGBA(255,255,255,0)&#8221; closed_toggle_background_color=&#8221;RGBA(255,255,255,0)&#8221; icon_color=&#8221;#E12021&#8243; toggle_icon=&#8221;&#x3b;||divi||400&#8243; use_icon_font_size=&#8221;on&#8221; icon_font_size=&#8221;40px&#8221; open_icon_color=&#8221;#E12021&#8243; open_toggle_icon=&#8221;&#x3a;||divi||400&#8243; open_use_icon_font_size=&#8221;on&#8221; open_icon_font_size=&#8221;40px&#8221; _builder_version=&#8221;4.19.4&#8243; _module_preset=&#8221;default&#8221; title_text_color=&#8221;#adadad&#8221; title_font_size=&#8221;18px&#8221; positioning=&#8221;none&#8221; custom_padding=&#8221;||||true|false&#8221; global_colors_info=&#8221;{}&#8221;]<\/p>\n<ol start=\"2017\">\n<li>november 15-i t\u00f6rv\u00e9nyerej\u0171 rendelet, n.\u00a0A 183. cikk (a 152\/2006. sz. t\u00f6rv\u00e9nyerej\u0171 rendelet m\u00f3dos\u00edt\u00e1sa) a 2017. december 19-\u00e9n hat\u00e1lyba l\u00e9pett (EU) 2015\/2193 ir\u00e1nyelv (MCPD_ Medium Combustion Plant Directive) v\u00e9grehajt\u00e1sa sor\u00e1n el\u0151\u00edrja, hogy az 1160 kW-n\u00e1l nagyobb teljes\u00edtm\u00e9ny\u0171 k\u00e9sz\u00fcl\u00e9kekre \u00e9s a n\u00e9vleges rendszerekn\u00e9l 1500 kW-n\u00e1l nagyobb h\u0151teljes\u00edtm\u00e9ny 750 kW-n\u00e1l nagyobb h\u0151teljes\u00edtm\u00e9ny\u0171 gener\u00e1torokkal (kandall\u00f3val), \u00e9g\u00e9sszab\u00e1lyoz\u00f3 rendszerrel rendelkezik, amely lehet\u0151v\u00e9 teszi a leveg\u0151-\u00fczemanyag ar\u00e1ny automatikus szab\u00e1lyoz\u00e1s\u00e1t.<\/li>\n<\/ol>\n<p>Ezen k\u00f6vetelm\u00e9nyek teljes\u00edt\u00e9se \u00e9rdek\u00e9ben a Riello kifejlesztette az akt\u00edv \u00e9g\u00e9sszab\u00e1lyoz\u00e1st a 750 kW feletti \u00e9g\u0151kh\u00f6z.<\/p>\n<p>A rendszer az inverteres technol\u00f3gi\u00e1val kombin\u00e1lva teljes biztons\u00e1ggal m\u0171k\u00f6dik, jelent\u0151s megtakar\u00edt\u00e1st \u00e9s a kipufog\u00f3g\u00e1z-kibocs\u00e1t\u00e1s cs\u00f6kkent\u00e9s\u00e9t \u00e9rve el.<\/p>\n<p>\u00dcgyfeleink versenyel\u0151ny megszerz\u00e9s\u00e9nek t\u00e1mogat\u00e1sa \u00e9rdek\u00e9ben a RIELLO tan\u00e1csad\u00e1si szolg\u00e1ltat\u00e1st k\u00edn\u00e1l, testre szabott m\u0171szaki megold\u00e1sokat k\u00edn\u00e1lva, amelyek k\u00e9pesek az \u00e9get\u00e9si rendszert a legk\u00fcl\u00f6nf\u00e9l\u00e9bb alkalmaz\u00e1sokhoz igaz\u00edtani.<\/p>\n<p>Az \u00e9g\u00e9sszab\u00e1lyoz\u00f3 rendszerrel ell\u00e1tott \u00e9g\u0151kre vonatkoz\u00f3 inform\u00e1ci\u00f3k\u00e9rt forduljon a Riello h\u00e1l\u00f3zati \u00e9rt\u00e9kes\u00edt\u00e9si k\u00e9pvisel\u0151j\u00e9hez.<\/p>\n<p>[\/et_pb_toggle][et_pb_divider _builder_version=&#8221;4.19.4&#8243; _module_preset=&#8221;default&#8221; width=&#8221;30%&#8221; module_alignment=&#8221;right&#8221; global_colors_info=&#8221;{}&#8221;][\/et_pb_divider][\/et_pb_column][\/et_pb_row][\/et_pb_section][et_pb_section fb_built=&#8221;1&#8243; _builder_version=&#8221;4.19.4&#8243; _module_preset=&#8221;default&#8221; global_colors_info=&#8221;{}&#8221;][\/et_pb_section]<\/p>\n","protected":false},"excerpt":{"rendered":"<p>Riello \u00e9g\u0151k, az \u00e9m\u00e9ny vil\u00e1ga.A teljes RIELLO term\u00e9kcsal\u00e1d \u00e9g\u0151i minden alkalmaz\u00e1st kiel\u00e9g\u00edtenek. Fedezze fel az \u00faj Riello \u00e9get\u00e9si technol\u00f3gi\u00e1kat: innovat\u00edv \u00f6tleteket \u00e9s \u00e9lvonalbelimegold\u00e1sokat,hogy minden konkr\u00e9t ig\u00e9nyre a legjobb megold\u00e1st k\u00edn\u00e1lhassuk, amely lehet\u0151v\u00e9 teszi a szennyez\u0151anyag kibocs\u00e1t\u00e1s cs\u00f6kkent\u00e9s\u00e9t \u00e9s a fogyaszt\u00e1s cs\u00f6kkent\u00e9s\u00e9t, a legszigor\u00fabb energiahat\u00e9konys\u00e1gi el\u0151\u00edr\u00e1sok betart\u00e1s\u00e1val\u00dcZEMBEHELYEZ\u00c9SI \u00c9SKARBANTART\u00c1SI SZOLG\u00c1LTAT\u00c1SOKF\u00f3kuszban a technol\u00f3gi\u00e1k\u00c9G\u0150K OXIG\u00c9NSZAB\u00c1LYOZ\u00c1SSALA Riello kifejlesztette az akt\u00edv [&hellip;]<\/p>\n","protected":false},"author":2,"featured_media":0,"parent":0,"menu_order":0,"comment_status":"closed","ping_status":"closed","template":"","meta":{"_et_pb_use_builder":"on","_et_pb_old_content":"","_et_gb_content_width":"","footnotes":""},"class_list":["post-310","page","type-page","status-publish","hentry"],"_links":{"self":[{"href":"https:\/\/rielloego.hu\/index.php\/wp-json\/wp\/v2\/pages\/310","targetHints":{"allow":["GET"]}}],"collection":[{"href":"https:\/\/rielloego.hu\/index.php\/wp-json\/wp\/v2\/pages"}],"about":[{"href":"https:\/\/rielloego.hu\/index.php\/wp-json\/wp\/v2\/types\/page"}],"author":[{"embeddable":true,"href":"https:\/\/rielloego.hu\/index.php\/wp-json\/wp\/v2\/users\/2"}],"replies":[{"embeddable":true,"href":"https:\/\/rielloego.hu\/index.php\/wp-json\/wp\/v2\/comments?post=310"}],"version-history":[{"count":31,"href":"https:\/\/rielloego.hu\/index.php\/wp-json\/wp\/v2\/pages\/310\/revisions"}],"predecessor-version":[{"id":1023,"href":"https:\/\/rielloego.hu\/index.php\/wp-json\/wp\/v2\/pages\/310\/revisions\/1023"}],"wp:attachment":[{"href":"https:\/\/rielloego.hu\/index.php\/wp-json\/wp\/v2\/media?parent=310"}],"curies":[{"name":"wp","href":"https:\/\/api.w.org\/{rel}","templated":true}]}}